{"id":5667,"date":"2021-04-05T22:38:58","date_gmt":"2021-04-05T22:38:58","guid":{"rendered":"https:\/\/grupoitm.net\/?page_id=5667"},"modified":"2026-03-18T15:28:09","modified_gmt":"2026-03-18T21:28:09","slug":"edificios-estructura-metalica","status":"publish","type":"page","link":"https:\/\/grupoitm.net\/en\/estructuras\/edificios-estructura-metalica\/","title":{"rendered":"Edificios con estructura met\u00e1lica"},"content":{"rendered":"","protected":false},"excerpt":{"rendered":"","protected":false},"author":11,"featured_media":7957,"parent":4848,"menu_order":0,"comment_status":"closed","ping_status":"closed","template":"","meta":{"_joinchat":[],"footnotes":""},"class_list":["post-5667","page","type-page","status-publish","has-post-thumbnail","hentry"],"yoast_head":"<!-- This site is optimized with the Yoast SEO plugin v27.4 - https:\/\/yoast.com\/product\/yoast-seo-wordpress\/ -->\n<title>Edificios con estructura met\u00e1lica - Grupo ITM<\/title>\n<meta name=\"description\" content=\"Fabricaci\u00f3n de edificios con estructura met\u00e1lica bajo normas internacionales. Soluciones seguras, eficientes\" \/>\n<meta name=\"robots\" content=\"index, follow, max-snippet:-1, max-image-preview:large, max-video-preview:-1\" \/>\n<link rel=\"canonical\" href=\"https:\/\/grupoitm.net\/en\/estructuras\/edificios-estructura-metalica\/\" \/>\n<meta property=\"og:locale\" content=\"en_US\" \/>\n<meta property=\"og:type\" content=\"article\" \/>\n<meta property=\"og:title\" content=\"Edificios con estructura met\u00e1lica - Grupo ITM\" \/>\n<meta property=\"og:description\" content=\"Fabricaci\u00f3n de edificios con estructura met\u00e1lica bajo normas internacionales. Soluciones seguras, eficientes\" \/>\n<meta property=\"og:url\" content=\"https:\/\/grupoitm.net\/en\/estructuras\/edificios-estructura-metalica\/\" \/>\n<meta property=\"og:site_name\" content=\"Grupo ITM\" \/>\n<meta property=\"article:modified_time\" content=\"2026-03-18T21:28:09+00:00\" \/>\n<meta property=\"og:image\" content=\"https:\/\/grupoitm.net\/wp-content\/uploads\/2026\/03\/DJI_0996-scaled.jpg\" \/>\n\t<meta property=\"og:image:width\" content=\"2560\" \/>\n\t<meta property=\"og:image:height\" content=\"1920\" \/>\n\t<meta property=\"og:image:type\" content=\"image\/jpeg\" \/>\n<meta name=\"twitter:card\" content=\"summary_large_image\" \/>\n<meta name=\"twitter:label1\" content=\"Est. reading time\" \/>\n\t<meta name=\"twitter:data1\" content=\"2 minutes\" \/>\n<script type=\"application\/ld+json\" class=\"yoast-schema-graph\">{\"@context\":\"https:\\\/\\\/schema.org\",\"@graph\":[{\"@type\":\"WebPage\",\"@id\":\"https:\\\/\\\/grupoitm.net\\\/estructuras\\\/edificios-estructura-metalica\\\/\",\"url\":\"https:\\\/\\\/grupoitm.net\\\/estructuras\\\/edificios-estructura-metalica\\\/\",\"name\":\"Edificios con estructura met\u00e1lica - Grupo ITM\",\"isPartOf\":{\"@id\":\"https:\\\/\\\/grupoitm.net\\\/#website\"},\"primaryImageOfPage\":{\"@id\":\"https:\\\/\\\/grupoitm.net\\\/estructuras\\\/edificios-estructura-metalica\\\/#primaryimage\"},\"image\":{\"@id\":\"https:\\\/\\\/grupoitm.net\\\/estructuras\\\/edificios-estructura-metalica\\\/#primaryimage\"},\"thumbnailUrl\":\"https:\\\/\\\/grupoitm.net\\\/wp-content\\\/uploads\\\/2026\\\/03\\\/DJI_0996-scaled.jpg\",\"datePublished\":\"2021-04-05T22:38:58+00:00\",\"dateModified\":\"2026-03-18T21:28:09+00:00\",\"description\":\"Fabricaci\u00f3n de edificios con estructura met\u00e1lica bajo normas internacionales. Soluciones seguras, eficientes\",\"breadcrumb\":{\"@id\":\"https:\\\/\\\/grupoitm.net\\\/estructuras\\\/edificios-estructura-metalica\\\/#breadcrumb\"},\"inLanguage\":\"en-US\",\"potentialAction\":[{\"@type\":\"ReadAction\",\"target\":[\"https:\\\/\\\/grupoitm.net\\\/estructuras\\\/edificios-estructura-metalica\\\/\"]}]},{\"@type\":\"ImageObject\",\"inLanguage\":\"en-US\",\"@id\":\"https:\\\/\\\/grupoitm.net\\\/estructuras\\\/edificios-estructura-metalica\\\/#primaryimage\",\"url\":\"https:\\\/\\\/grupoitm.net\\\/wp-content\\\/uploads\\\/2026\\\/03\\\/DJI_0996-scaled.jpg\",\"contentUrl\":\"https:\\\/\\\/grupoitm.net\\\/wp-content\\\/uploads\\\/2026\\\/03\\\/DJI_0996-scaled.jpg\",\"width\":2560,\"height\":1920,\"caption\":\"Edificios con estructura met\u00e1lica - Hospital de Solol\u00e1 , Guatemala.\"},{\"@type\":\"BreadcrumbList\",\"@id\":\"https:\\\/\\\/grupoitm.net\\\/estructuras\\\/edificios-estructura-metalica\\\/#breadcrumb\",\"itemListElement\":[{\"@type\":\"ListItem\",\"position\":1,\"name\":\"Portada\",\"item\":\"https:\\\/\\\/grupoitm.net\\\/\"},{\"@type\":\"ListItem\",\"position\":2,\"name\":\"Estructuras\",\"item\":\"https:\\\/\\\/grupoitm.net\\\/estructuras\\\/\"},{\"@type\":\"ListItem\",\"position\":3,\"name\":\"Edificios con estructura met\u00e1lica\"}]},{\"@type\":\"WebSite\",\"@id\":\"https:\\\/\\\/grupoitm.net\\\/#website\",\"url\":\"https:\\\/\\\/grupoitm.net\\\/\",\"name\":\"Grupo ITM\",\"description\":\"Transformamos el mundo con Acero. M\u00e1s de 60 a\u00f1os de experiencia en el dise\u00f1o fabricaci\u00f3n y colocaci\u00f3n de infraestructuras met\u00e1licas con un servicio de primera l\u00ednea a empresas l\u00edderes de la regi\u00f3n.\",\"potentialAction\":[{\"@type\":\"SearchAction\",\"target\":{\"@type\":\"EntryPoint\",\"urlTemplate\":\"https:\\\/\\\/grupoitm.net\\\/?s={search_term_string}\"},\"query-input\":{\"@type\":\"PropertyValueSpecification\",\"valueRequired\":true,\"valueName\":\"search_term_string\"}}],\"inLanguage\":\"en-US\"}]}<\/script>\n<!-- \/ Yoast SEO plugin. -->","yoast_head_json":{"title":"Edificios con estructura met\u00e1lica - Grupo ITM","description":"Fabricaci\u00f3n de edificios con estructura met\u00e1lica bajo normas internacionales. Soluciones seguras, eficientes","robots":{"index":"index","follow":"follow","max-snippet":"max-snippet:-1","max-image-preview":"max-image-preview:large","max-video-preview":"max-video-preview:-1"},"canonical":"https:\/\/grupoitm.net\/en\/estructuras\/edificios-estructura-metalica\/","og_locale":"en_US","og_type":"article","og_title":"Edificios con estructura met\u00e1lica - Grupo ITM","og_description":"Fabricaci\u00f3n de edificios con estructura met\u00e1lica bajo normas internacionales. Soluciones seguras, eficientes","og_url":"https:\/\/grupoitm.net\/en\/estructuras\/edificios-estructura-metalica\/","og_site_name":"Grupo ITM","article_modified_time":"2026-03-18T21:28:09+00:00","og_image":[{"width":2560,"height":1920,"url":"https:\/\/grupoitm.net\/wp-content\/uploads\/2026\/03\/DJI_0996-scaled.jpg","type":"image\/jpeg"}],"twitter_card":"summary_large_image","twitter_misc":{"Est. reading time":"2 minutes"},"schema":{"@context":"https:\/\/schema.org","@graph":[{"@type":"WebPage","@id":"https:\/\/grupoitm.net\/estructuras\/edificios-estructura-metalica\/","url":"https:\/\/grupoitm.net\/estructuras\/edificios-estructura-metalica\/","name":"Edificios con estructura met\u00e1lica - Grupo ITM","isPartOf":{"@id":"https:\/\/grupoitm.net\/#website"},"primaryImageOfPage":{"@id":"https:\/\/grupoitm.net\/estructuras\/edificios-estructura-metalica\/#primaryimage"},"image":{"@id":"https:\/\/grupoitm.net\/estructuras\/edificios-estructura-metalica\/#primaryimage"},"thumbnailUrl":"https:\/\/grupoitm.net\/wp-content\/uploads\/2026\/03\/DJI_0996-scaled.jpg","datePublished":"2021-04-05T22:38:58+00:00","dateModified":"2026-03-18T21:28:09+00:00","description":"Fabricaci\u00f3n de edificios con estructura met\u00e1lica bajo normas internacionales. Soluciones seguras, eficientes","breadcrumb":{"@id":"https:\/\/grupoitm.net\/estructuras\/edificios-estructura-metalica\/#breadcrumb"},"inLanguage":"en-US","potentialAction":[{"@type":"ReadAction","target":["https:\/\/grupoitm.net\/estructuras\/edificios-estructura-metalica\/"]}]},{"@type":"ImageObject","inLanguage":"en-US","@id":"https:\/\/grupoitm.net\/estructuras\/edificios-estructura-metalica\/#primaryimage","url":"https:\/\/grupoitm.net\/wp-content\/uploads\/2026\/03\/DJI_0996-scaled.jpg","contentUrl":"https:\/\/grupoitm.net\/wp-content\/uploads\/2026\/03\/DJI_0996-scaled.jpg","width":2560,"height":1920,"caption":"Edificios con estructura met\u00e1lica - Hospital de Solol\u00e1 , Guatemala."},{"@type":"BreadcrumbList","@id":"https:\/\/grupoitm.net\/estructuras\/edificios-estructura-metalica\/#breadcrumb","itemListElement":[{"@type":"ListItem","position":1,"name":"Portada","item":"https:\/\/grupoitm.net\/"},{"@type":"ListItem","position":2,"name":"Estructuras","item":"https:\/\/grupoitm.net\/estructuras\/"},{"@type":"ListItem","position":3,"name":"Edificios con estructura met\u00e1lica"}]},{"@type":"WebSite","@id":"https:\/\/grupoitm.net\/#website","url":"https:\/\/grupoitm.net\/","name":"ITM Group","description":"Transformamos el mundo con Acero. M\u00e1s de 60 a\u00f1os de experiencia en el dise\u00f1o fabricaci\u00f3n y colocaci\u00f3n de infraestructuras met\u00e1licas con un servicio de primera l\u00ednea a empresas l\u00edderes de la regi\u00f3n.","potentialAction":[{"@type":"SearchAction","target":{"@type":"EntryPoint","urlTemplate":"https:\/\/grupoitm.net\/?s={search_term_string}"},"query-input":{"@type":"PropertyValueSpecification","valueRequired":true,"valueName":"search_term_string"}}],"inLanguage":"en-US"}]}},"_links":{"self":[{"href":"https:\/\/grupoitm.net\/en\/wp-json\/wp\/v2\/pages\/5667","targetHints":{"allow":["GET"]}}],"collection":[{"href":"https:\/\/grupoitm.net\/en\/wp-json\/wp\/v2\/pages"}],"about":[{"href":"https:\/\/grupoitm.net\/en\/wp-json\/wp\/v2\/types\/page"}],"author":[{"embeddable":true,"href":"https:\/\/grupoitm.net\/en\/wp-json\/wp\/v2\/users\/11"}],"replies":[{"embeddable":true,"href":"https:\/\/grupoitm.net\/en\/wp-json\/wp\/v2\/comments?post=5667"}],"version-history":[{"count":2,"href":"https:\/\/grupoitm.net\/en\/wp-json\/wp\/v2\/pages\/5667\/revisions"}],"predecessor-version":[{"id":7961,"href":"https:\/\/grupoitm.net\/en\/wp-json\/wp\/v2\/pages\/5667\/revisions\/7961"}],"up":[{"embeddable":true,"href":"https:\/\/grupoitm.net\/en\/wp-json\/wp\/v2\/pages\/4848"}],"wp:featuredmedia":[{"embeddable":true,"href":"https:\/\/grupoitm.net\/en\/wp-json\/wp\/v2\/media\/7957"}],"wp:attachment":[{"href":"https:\/\/grupoitm.net\/en\/wp-json\/wp\/v2\/media?parent=5667"}],"curies":[{"name":"wp","href":"https:\/\/api.w.org\/{rel}","templated":true}]}}