{"id":5673,"date":"2021-04-05T22:43:11","date_gmt":"2021-04-05T22:43:11","guid":{"rendered":"https:\/\/grupoitm.net\/?page_id=5673"},"modified":"2026-03-18T15:13:49","modified_gmt":"2026-03-18T21:13:49","slug":"construccion-estadio","status":"publish","type":"page","link":"https:\/\/grupoitm.net\/en\/estructuras\/construccion-estadio\/","title":{"rendered":"Fabricaci\u00f3n de estadios"},"content":{"rendered":"","protected":false},"excerpt":{"rendered":"","protected":false},"author":11,"featured_media":7952,"parent":4848,"menu_order":0,"comment_status":"closed","ping_status":"closed","template":"","meta":{"_joinchat":[],"footnotes":""},"class_list":["post-5673","page","type-page","status-publish","has-post-thumbnail","hentry"],"yoast_head":"<!-- This site is optimized with the Yoast SEO plugin v27.5 - https:\/\/yoast.com\/product\/yoast-seo-wordpress\/ -->\n<title>Fabricaci\u00f3n de estadios - Grupo ITM<\/title>\n<meta name=\"description\" content=\"Desarrollamos estadios modernos con estructuras met\u00e1licas duraderas. Innovaci\u00f3n, seguridad y calidad en cada proyecto.\" \/>\n<meta name=\"robots\" content=\"index, follow, max-snippet:-1, max-image-preview:large, max-video-preview:-1\" \/>\n<link rel=\"canonical\" href=\"https:\/\/grupoitm.net\/en\/estructuras\/construccion-estadio\/\" \/>\n<meta property=\"og:locale\" content=\"en_US\" \/>\n<meta property=\"og:type\" content=\"article\" \/>\n<meta property=\"og:title\" content=\"Fabricaci\u00f3n de estadios - Grupo ITM\" \/>\n<meta property=\"og:description\" content=\"Desarrollamos estadios modernos con estructuras met\u00e1licas duraderas. Innovaci\u00f3n, seguridad y calidad en cada proyecto.\" \/>\n<meta property=\"og:url\" content=\"https:\/\/grupoitm.net\/en\/estructuras\/construccion-estadio\/\" \/>\n<meta property=\"og:site_name\" content=\"Grupo ITM\" \/>\n<meta property=\"article:modified_time\" content=\"2026-03-18T21:13:49+00:00\" \/>\n<meta property=\"og:image\" content=\"https:\/\/grupoitm.net\/wp-content\/uploads\/2026\/03\/Estadio-13.jpeg\" \/>\n\t<meta property=\"og:image:width\" content=\"1180\" \/>\n\t<meta property=\"og:image:height\" content=\"666\" \/>\n\t<meta property=\"og:image:type\" content=\"image\/jpeg\" \/>\n<meta name=\"twitter:card\" content=\"summary_large_image\" \/>\n<meta name=\"twitter:label1\" content=\"Est. reading time\" \/>\n\t<meta name=\"twitter:data1\" content=\"2 minutes\" \/>\n<script type=\"application\/ld+json\" class=\"yoast-schema-graph\">{\"@context\":\"https:\\\/\\\/schema.org\",\"@graph\":[{\"@type\":\"WebPage\",\"@id\":\"https:\\\/\\\/grupoitm.net\\\/estructuras\\\/construccion-estadio\\\/\",\"url\":\"https:\\\/\\\/grupoitm.net\\\/estructuras\\\/construccion-estadio\\\/\",\"name\":\"Fabricaci\u00f3n de estadios - Grupo ITM\",\"isPartOf\":{\"@id\":\"https:\\\/\\\/grupoitm.net\\\/#website\"},\"primaryImageOfPage\":{\"@id\":\"https:\\\/\\\/grupoitm.net\\\/estructuras\\\/construccion-estadio\\\/#primaryimage\"},\"image\":{\"@id\":\"https:\\\/\\\/grupoitm.net\\\/estructuras\\\/construccion-estadio\\\/#primaryimage\"},\"thumbnailUrl\":\"https:\\\/\\\/grupoitm.net\\\/wp-content\\\/uploads\\\/2026\\\/03\\\/Estadio-13.jpeg\",\"datePublished\":\"2021-04-05T22:43:11+00:00\",\"dateModified\":\"2026-03-18T21:13:49+00:00\",\"description\":\"Desarrollamos estadios modernos con estructuras met\u00e1licas duraderas. Innovaci\u00f3n, seguridad y calidad en cada proyecto.\",\"breadcrumb\":{\"@id\":\"https:\\\/\\\/grupoitm.net\\\/estructuras\\\/construccion-estadio\\\/#breadcrumb\"},\"inLanguage\":\"en-US\",\"potentialAction\":[{\"@type\":\"ReadAction\",\"target\":[\"https:\\\/\\\/grupoitm.net\\\/estructuras\\\/construccion-estadio\\\/\"]}]},{\"@type\":\"ImageObject\",\"inLanguage\":\"en-US\",\"@id\":\"https:\\\/\\\/grupoitm.net\\\/estructuras\\\/construccion-estadio\\\/#primaryimage\",\"url\":\"https:\\\/\\\/grupoitm.net\\\/wp-content\\\/uploads\\\/2026\\\/03\\\/Estadio-13.jpeg\",\"contentUrl\":\"https:\\\/\\\/grupoitm.net\\\/wp-content\\\/uploads\\\/2026\\\/03\\\/Estadio-13.jpeg\",\"width\":1180,\"height\":666,\"caption\":\"Estadio Mariano Rivera - Panam\u00e1\"},{\"@type\":\"BreadcrumbList\",\"@id\":\"https:\\\/\\\/grupoitm.net\\\/estructuras\\\/construccion-estadio\\\/#breadcrumb\",\"itemListElement\":[{\"@type\":\"ListItem\",\"position\":1,\"name\":\"Portada\",\"item\":\"https:\\\/\\\/grupoitm.net\\\/\"},{\"@type\":\"ListItem\",\"position\":2,\"name\":\"Estructuras\",\"item\":\"https:\\\/\\\/grupoitm.net\\\/estructuras\\\/\"},{\"@type\":\"ListItem\",\"position\":3,\"name\":\"Fabricaci\u00f3n de estadios\"}]},{\"@type\":\"WebSite\",\"@id\":\"https:\\\/\\\/grupoitm.net\\\/#website\",\"url\":\"https:\\\/\\\/grupoitm.net\\\/\",\"name\":\"Grupo ITM\",\"description\":\"Transformamos el mundo con Acero. M\u00e1s de 60 a\u00f1os de experiencia en el dise\u00f1o fabricaci\u00f3n y colocaci\u00f3n de infraestructuras met\u00e1licas con un servicio de primera l\u00ednea a empresas l\u00edderes de la regi\u00f3n.\",\"potentialAction\":[{\"@type\":\"SearchAction\",\"target\":{\"@type\":\"EntryPoint\",\"urlTemplate\":\"https:\\\/\\\/grupoitm.net\\\/?s={search_term_string}\"},\"query-input\":{\"@type\":\"PropertyValueSpecification\",\"valueRequired\":true,\"valueName\":\"search_term_string\"}}],\"inLanguage\":\"en-US\"}]}<\/script>\n<!-- \/ Yoast SEO plugin. -->","yoast_head_json":{"title":"Fabricaci\u00f3n de estadios - Grupo ITM","description":"Desarrollamos estadios modernos con estructuras met\u00e1licas duraderas. Innovaci\u00f3n, seguridad y calidad en cada proyecto.","robots":{"index":"index","follow":"follow","max-snippet":"max-snippet:-1","max-image-preview":"max-image-preview:large","max-video-preview":"max-video-preview:-1"},"canonical":"https:\/\/grupoitm.net\/en\/estructuras\/construccion-estadio\/","og_locale":"en_US","og_type":"article","og_title":"Fabricaci\u00f3n de estadios - Grupo ITM","og_description":"Desarrollamos estadios modernos con estructuras met\u00e1licas duraderas. Innovaci\u00f3n, seguridad y calidad en cada proyecto.","og_url":"https:\/\/grupoitm.net\/en\/estructuras\/construccion-estadio\/","og_site_name":"Grupo ITM","article_modified_time":"2026-03-18T21:13:49+00:00","og_image":[{"width":1180,"height":666,"url":"https:\/\/grupoitm.net\/wp-content\/uploads\/2026\/03\/Estadio-13.jpeg","type":"image\/jpeg"}],"twitter_card":"summary_large_image","twitter_misc":{"Est. reading time":"2 minutes"},"schema":{"@context":"https:\/\/schema.org","@graph":[{"@type":"WebPage","@id":"https:\/\/grupoitm.net\/estructuras\/construccion-estadio\/","url":"https:\/\/grupoitm.net\/estructuras\/construccion-estadio\/","name":"Fabricaci\u00f3n de estadios - Grupo ITM","isPartOf":{"@id":"https:\/\/grupoitm.net\/#website"},"primaryImageOfPage":{"@id":"https:\/\/grupoitm.net\/estructuras\/construccion-estadio\/#primaryimage"},"image":{"@id":"https:\/\/grupoitm.net\/estructuras\/construccion-estadio\/#primaryimage"},"thumbnailUrl":"https:\/\/grupoitm.net\/wp-content\/uploads\/2026\/03\/Estadio-13.jpeg","datePublished":"2021-04-05T22:43:11+00:00","dateModified":"2026-03-18T21:13:49+00:00","description":"Desarrollamos estadios modernos con estructuras met\u00e1licas duraderas. Innovaci\u00f3n, seguridad y calidad en cada proyecto.","breadcrumb":{"@id":"https:\/\/grupoitm.net\/estructuras\/construccion-estadio\/#breadcrumb"},"inLanguage":"en-US","potentialAction":[{"@type":"ReadAction","target":["https:\/\/grupoitm.net\/estructuras\/construccion-estadio\/"]}]},{"@type":"ImageObject","inLanguage":"en-US","@id":"https:\/\/grupoitm.net\/estructuras\/construccion-estadio\/#primaryimage","url":"https:\/\/grupoitm.net\/wp-content\/uploads\/2026\/03\/Estadio-13.jpeg","contentUrl":"https:\/\/grupoitm.net\/wp-content\/uploads\/2026\/03\/Estadio-13.jpeg","width":1180,"height":666,"caption":"Estadio Mariano Rivera - Panam\u00e1"},{"@type":"BreadcrumbList","@id":"https:\/\/grupoitm.net\/estructuras\/construccion-estadio\/#breadcrumb","itemListElement":[{"@type":"ListItem","position":1,"name":"Portada","item":"https:\/\/grupoitm.net\/"},{"@type":"ListItem","position":2,"name":"Estructuras","item":"https:\/\/grupoitm.net\/estructuras\/"},{"@type":"ListItem","position":3,"name":"Fabricaci\u00f3n de estadios"}]},{"@type":"WebSite","@id":"https:\/\/grupoitm.net\/#website","url":"https:\/\/grupoitm.net\/","name":"ITM Group","description":"We transform the world with steel. Over 60 years of experience in the design, manufacturing, and installation of metal structures, with top-tier service for leading companies in the region.","potentialAction":[{"@type":"SearchAction","target":{"@type":"EntryPoint","urlTemplate":"https:\/\/grupoitm.net\/?s={search_term_string}"},"query-input":{"@type":"PropertyValueSpecification","valueRequired":true,"valueName":"search_term_string"}}],"inLanguage":"en-US"}]}},"_links":{"self":[{"href":"https:\/\/grupoitm.net\/en\/wp-json\/wp\/v2\/pages\/5673","targetHints":{"allow":["GET"]}}],"collection":[{"href":"https:\/\/grupoitm.net\/en\/wp-json\/wp\/v2\/pages"}],"about":[{"href":"https:\/\/grupoitm.net\/en\/wp-json\/wp\/v2\/types\/page"}],"author":[{"embeddable":true,"href":"https:\/\/grupoitm.net\/en\/wp-json\/wp\/v2\/users\/11"}],"replies":[{"embeddable":true,"href":"https:\/\/grupoitm.net\/en\/wp-json\/wp\/v2\/comments?post=5673"}],"version-history":[{"count":3,"href":"https:\/\/grupoitm.net\/en\/wp-json\/wp\/v2\/pages\/5673\/revisions"}],"predecessor-version":[{"id":7955,"href":"https:\/\/grupoitm.net\/en\/wp-json\/wp\/v2\/pages\/5673\/revisions\/7955"}],"up":[{"embeddable":true,"href":"https:\/\/grupoitm.net\/en\/wp-json\/wp\/v2\/pages\/4848"}],"wp:featuredmedia":[{"embeddable":true,"href":"https:\/\/grupoitm.net\/en\/wp-json\/wp\/v2\/media\/7952"}],"wp:attachment":[{"href":"https:\/\/grupoitm.net\/en\/wp-json\/wp\/v2\/media?parent=5673"}],"curies":[{"name":"wp","href":"https:\/\/api.w.org\/{rel}","templated":true}]}}