{"id":5697,"date":"2021-04-05T23:15:05","date_gmt":"2021-04-05T23:15:05","guid":{"rendered":"https:\/\/grupoitm.net\/?page_id=5697"},"modified":"2026-03-18T14:37:16","modified_gmt":"2026-03-18T20:37:16","slug":"puentes-bailey","status":"publish","type":"page","link":"https:\/\/grupoitm.net\/en\/infraestructura\/puentes-bailey\/","title":{"rendered":"Puentes Bailey"},"content":{"rendered":"","protected":false},"excerpt":{"rendered":"","protected":false},"author":11,"featured_media":5901,"parent":4849,"menu_order":0,"comment_status":"closed","ping_status":"closed","template":"","meta":{"_joinchat":[],"footnotes":""},"class_list":["post-5697","page","type-page","status-publish","has-post-thumbnail","hentry"],"yoast_head":"<!-- This site is optimized with the Yoast SEO plugin v27.4 - https:\/\/yoast.com\/product\/yoast-seo-wordpress\/ -->\n<title>Puentes Bailey - Grupo ITM<\/title>\n<meta name=\"description\" content=\"Construimos Puentes Bailey confiables y de r\u00e1pida instalaci\u00f3n. Soluciones ideales para proyectos viales y de emergencia.\" \/>\n<meta name=\"robots\" content=\"index, follow, max-snippet:-1, max-image-preview:large, max-video-preview:-1\" \/>\n<link rel=\"canonical\" href=\"https:\/\/grupoitm.net\/en\/infraestructura\/puentes-bailey\/\" \/>\n<meta property=\"og:locale\" content=\"en_US\" \/>\n<meta property=\"og:type\" content=\"article\" \/>\n<meta property=\"og:title\" content=\"Puentes Bailey - Grupo ITM\" \/>\n<meta property=\"og:description\" content=\"Construimos Puentes Bailey confiables y de r\u00e1pida instalaci\u00f3n. Soluciones ideales para proyectos viales y de emergencia.\" \/>\n<meta property=\"og:url\" content=\"https:\/\/grupoitm.net\/en\/infraestructura\/puentes-bailey\/\" \/>\n<meta property=\"og:site_name\" content=\"Grupo ITM\" \/>\n<meta property=\"article:modified_time\" content=\"2026-03-18T20:37:16+00:00\" \/>\n<meta property=\"og:image\" content=\"https:\/\/grupoitm.net\/wp-content\/uploads\/2021\/04\/Puentes-Bailey-1-1024x595.png\" \/>\n\t<meta property=\"og:image:width\" content=\"1024\" \/>\n\t<meta property=\"og:image:height\" content=\"595\" \/>\n\t<meta property=\"og:image:type\" content=\"image\/png\" \/>\n<meta name=\"twitter:card\" content=\"summary_large_image\" \/>\n<meta name=\"twitter:label1\" content=\"Est. reading time\" \/>\n\t<meta name=\"twitter:data1\" content=\"2 minutes\" \/>\n<script type=\"application\/ld+json\" class=\"yoast-schema-graph\">{\"@context\":\"https:\\\/\\\/schema.org\",\"@graph\":[{\"@type\":\"WebPage\",\"@id\":\"https:\\\/\\\/grupoitm.net\\\/infraestructura\\\/puentes-bailey\\\/\",\"url\":\"https:\\\/\\\/grupoitm.net\\\/infraestructura\\\/puentes-bailey\\\/\",\"name\":\"Puentes Bailey - Grupo ITM\",\"isPartOf\":{\"@id\":\"https:\\\/\\\/grupoitm.net\\\/#website\"},\"primaryImageOfPage\":{\"@id\":\"https:\\\/\\\/grupoitm.net\\\/infraestructura\\\/puentes-bailey\\\/#primaryimage\"},\"image\":{\"@id\":\"https:\\\/\\\/grupoitm.net\\\/infraestructura\\\/puentes-bailey\\\/#primaryimage\"},\"thumbnailUrl\":\"https:\\\/\\\/grupoitm.net\\\/wp-content\\\/uploads\\\/2021\\\/04\\\/Puentes-Bailey-1.png\",\"datePublished\":\"2021-04-05T23:15:05+00:00\",\"dateModified\":\"2026-03-18T20:37:16+00:00\",\"description\":\"Construimos Puentes Bailey confiables y de r\u00e1pida instalaci\u00f3n. Soluciones ideales para proyectos viales y de emergencia.\",\"breadcrumb\":{\"@id\":\"https:\\\/\\\/grupoitm.net\\\/infraestructura\\\/puentes-bailey\\\/#breadcrumb\"},\"inLanguage\":\"en-US\",\"potentialAction\":[{\"@type\":\"ReadAction\",\"target\":[\"https:\\\/\\\/grupoitm.net\\\/infraestructura\\\/puentes-bailey\\\/\"]}]},{\"@type\":\"ImageObject\",\"inLanguage\":\"en-US\",\"@id\":\"https:\\\/\\\/grupoitm.net\\\/infraestructura\\\/puentes-bailey\\\/#primaryimage\",\"url\":\"https:\\\/\\\/grupoitm.net\\\/wp-content\\\/uploads\\\/2021\\\/04\\\/Puentes-Bailey-1.png\",\"contentUrl\":\"https:\\\/\\\/grupoitm.net\\\/wp-content\\\/uploads\\\/2021\\\/04\\\/Puentes-Bailey-1.png\",\"width\":2345,\"height\":1363,\"caption\":\"Puentes Bailey y estructuras met\u00e1licas modulares.\"},{\"@type\":\"BreadcrumbList\",\"@id\":\"https:\\\/\\\/grupoitm.net\\\/infraestructura\\\/puentes-bailey\\\/#breadcrumb\",\"itemListElement\":[{\"@type\":\"ListItem\",\"position\":1,\"name\":\"Portada\",\"item\":\"https:\\\/\\\/grupoitm.net\\\/\"},{\"@type\":\"ListItem\",\"position\":2,\"name\":\"Infraestructura\",\"item\":\"https:\\\/\\\/grupoitm.net\\\/infraestructura\\\/\"},{\"@type\":\"ListItem\",\"position\":3,\"name\":\"Puentes Bailey\"}]},{\"@type\":\"WebSite\",\"@id\":\"https:\\\/\\\/grupoitm.net\\\/#website\",\"url\":\"https:\\\/\\\/grupoitm.net\\\/\",\"name\":\"Grupo ITM\",\"description\":\"Transformamos el mundo con Acero. M\u00e1s de 60 a\u00f1os de experiencia en el dise\u00f1o fabricaci\u00f3n y colocaci\u00f3n de infraestructuras met\u00e1licas con un servicio de primera l\u00ednea a empresas l\u00edderes de la regi\u00f3n.\",\"potentialAction\":[{\"@type\":\"SearchAction\",\"target\":{\"@type\":\"EntryPoint\",\"urlTemplate\":\"https:\\\/\\\/grupoitm.net\\\/?s={search_term_string}\"},\"query-input\":{\"@type\":\"PropertyValueSpecification\",\"valueRequired\":true,\"valueName\":\"search_term_string\"}}],\"inLanguage\":\"en-US\"}]}<\/script>\n<!-- \/ Yoast SEO plugin. -->","yoast_head_json":{"title":"Puentes Bailey - Grupo ITM","description":"Construimos Puentes Bailey confiables y de r\u00e1pida instalaci\u00f3n. Soluciones ideales para proyectos viales y de emergencia.","robots":{"index":"index","follow":"follow","max-snippet":"max-snippet:-1","max-image-preview":"max-image-preview:large","max-video-preview":"max-video-preview:-1"},"canonical":"https:\/\/grupoitm.net\/en\/infraestructura\/puentes-bailey\/","og_locale":"en_US","og_type":"article","og_title":"Puentes Bailey - Grupo ITM","og_description":"Construimos Puentes Bailey confiables y de r\u00e1pida instalaci\u00f3n. Soluciones ideales para proyectos viales y de emergencia.","og_url":"https:\/\/grupoitm.net\/en\/infraestructura\/puentes-bailey\/","og_site_name":"Grupo ITM","article_modified_time":"2026-03-18T20:37:16+00:00","og_image":[{"width":1024,"height":595,"url":"https:\/\/grupoitm.net\/wp-content\/uploads\/2021\/04\/Puentes-Bailey-1-1024x595.png","type":"image\/png"}],"twitter_card":"summary_large_image","twitter_misc":{"Est. reading time":"2 minutes"},"schema":{"@context":"https:\/\/schema.org","@graph":[{"@type":"WebPage","@id":"https:\/\/grupoitm.net\/infraestructura\/puentes-bailey\/","url":"https:\/\/grupoitm.net\/infraestructura\/puentes-bailey\/","name":"Puentes Bailey - Grupo ITM","isPartOf":{"@id":"https:\/\/grupoitm.net\/#website"},"primaryImageOfPage":{"@id":"https:\/\/grupoitm.net\/infraestructura\/puentes-bailey\/#primaryimage"},"image":{"@id":"https:\/\/grupoitm.net\/infraestructura\/puentes-bailey\/#primaryimage"},"thumbnailUrl":"https:\/\/grupoitm.net\/wp-content\/uploads\/2021\/04\/Puentes-Bailey-1.png","datePublished":"2021-04-05T23:15:05+00:00","dateModified":"2026-03-18T20:37:16+00:00","description":"Construimos Puentes Bailey confiables y de r\u00e1pida instalaci\u00f3n. Soluciones ideales para proyectos viales y de emergencia.","breadcrumb":{"@id":"https:\/\/grupoitm.net\/infraestructura\/puentes-bailey\/#breadcrumb"},"inLanguage":"en-US","potentialAction":[{"@type":"ReadAction","target":["https:\/\/grupoitm.net\/infraestructura\/puentes-bailey\/"]}]},{"@type":"ImageObject","inLanguage":"en-US","@id":"https:\/\/grupoitm.net\/infraestructura\/puentes-bailey\/#primaryimage","url":"https:\/\/grupoitm.net\/wp-content\/uploads\/2021\/04\/Puentes-Bailey-1.png","contentUrl":"https:\/\/grupoitm.net\/wp-content\/uploads\/2021\/04\/Puentes-Bailey-1.png","width":2345,"height":1363,"caption":"Puentes Bailey y estructuras met\u00e1licas modulares."},{"@type":"BreadcrumbList","@id":"https:\/\/grupoitm.net\/infraestructura\/puentes-bailey\/#breadcrumb","itemListElement":[{"@type":"ListItem","position":1,"name":"Portada","item":"https:\/\/grupoitm.net\/"},{"@type":"ListItem","position":2,"name":"Infraestructura","item":"https:\/\/grupoitm.net\/infraestructura\/"},{"@type":"ListItem","position":3,"name":"Puentes Bailey"}]},{"@type":"WebSite","@id":"https:\/\/grupoitm.net\/#website","url":"https:\/\/grupoitm.net\/","name":"ITM Group","description":"Transformamos el mundo con Acero. M\u00e1s de 60 a\u00f1os de experiencia en el dise\u00f1o fabricaci\u00f3n y colocaci\u00f3n de infraestructuras met\u00e1licas con un servicio de primera l\u00ednea a empresas l\u00edderes de la regi\u00f3n.","potentialAction":[{"@type":"SearchAction","target":{"@type":"EntryPoint","urlTemplate":"https:\/\/grupoitm.net\/?s={search_term_string}"},"query-input":{"@type":"PropertyValueSpecification","valueRequired":true,"valueName":"search_term_string"}}],"inLanguage":"en-US"}]}},"_links":{"self":[{"href":"https:\/\/grupoitm.net\/en\/wp-json\/wp\/v2\/pages\/5697","targetHints":{"allow":["GET"]}}],"collection":[{"href":"https:\/\/grupoitm.net\/en\/wp-json\/wp\/v2\/pages"}],"about":[{"href":"https:\/\/grupoitm.net\/en\/wp-json\/wp\/v2\/types\/page"}],"author":[{"embeddable":true,"href":"https:\/\/grupoitm.net\/en\/wp-json\/wp\/v2\/users\/11"}],"replies":[{"embeddable":true,"href":"https:\/\/grupoitm.net\/en\/wp-json\/wp\/v2\/comments?post=5697"}],"version-history":[{"count":2,"href":"https:\/\/grupoitm.net\/en\/wp-json\/wp\/v2\/pages\/5697\/revisions"}],"predecessor-version":[{"id":7943,"href":"https:\/\/grupoitm.net\/en\/wp-json\/wp\/v2\/pages\/5697\/revisions\/7943"}],"up":[{"embeddable":true,"href":"https:\/\/grupoitm.net\/en\/wp-json\/wp\/v2\/pages\/4849"}],"wp:featuredmedia":[{"embeddable":true,"href":"https:\/\/grupoitm.net\/en\/wp-json\/wp\/v2\/media\/5901"}],"wp:attachment":[{"href":"https:\/\/grupoitm.net\/en\/wp-json\/wp\/v2\/media?parent=5697"}],"curies":[{"name":"wp","href":"https:\/\/api.w.org\/{rel}","templated":true}]}}