{"id":6626,"date":"2021-08-05T06:33:21","date_gmt":"2021-08-05T06:33:21","guid":{"rendered":"https:\/\/grupoitm.net\/?page_id=6626"},"modified":"2021-08-05T06:33:22","modified_gmt":"2021-08-05T06:33:22","slug":"buildings","status":"publish","type":"page","link":"https:\/\/grupoitm.net\/en\/structures-2\/buildings\/","title":{"rendered":"Buildings"},"content":{"rendered":"","protected":false},"excerpt":{"rendered":"","protected":false},"author":11,"featured_media":0,"parent":6607,"menu_order":0,"comment_status":"closed","ping_status":"closed","template":"","meta":{"_joinchat":[],"footnotes":""},"class_list":["post-6626","page","type-page","status-publish","hentry"],"yoast_head":"<!-- This site is optimized with the Yoast SEO plugin v27.4 - https:\/\/yoast.com\/product\/yoast-seo-wordpress\/ -->\n<title>Buildings - Grupo ITM<\/title>\n<meta name=\"robots\" content=\"index, follow, max-snippet:-1, max-image-preview:large, max-video-preview:-1\" \/>\n<link rel=\"canonical\" href=\"https:\/\/grupoitm.net\/en\/structures-2\/buildings\/\" \/>\n<meta property=\"og:locale\" content=\"en_US\" \/>\n<meta property=\"og:type\" content=\"article\" \/>\n<meta property=\"og:title\" content=\"Buildings - Grupo ITM\" \/>\n<meta property=\"og:url\" content=\"https:\/\/grupoitm.net\/en\/structures-2\/buildings\/\" \/>\n<meta property=\"og:site_name\" content=\"Grupo ITM\" \/>\n<meta property=\"article:modified_time\" content=\"2021-08-05T06:33:22+00:00\" \/>\n<meta name=\"twitter:card\" content=\"summary_large_image\" \/>\n<script type=\"application\/ld+json\" class=\"yoast-schema-graph\">{\"@context\":\"https:\\\/\\\/schema.org\",\"@graph\":[{\"@type\":\"WebPage\",\"@id\":\"https:\\\/\\\/grupoitm.net\\\/en\\\/structures-2\\\/buildings\\\/\",\"url\":\"https:\\\/\\\/grupoitm.net\\\/en\\\/structures-2\\\/buildings\\\/\",\"name\":\"Buildings - Grupo ITM\",\"isPartOf\":{\"@id\":\"https:\\\/\\\/grupoitm.net\\\/#website\"},\"datePublished\":\"2021-08-05T06:33:21+00:00\",\"dateModified\":\"2021-08-05T06:33:22+00:00\",\"breadcrumb\":{\"@id\":\"https:\\\/\\\/grupoitm.net\\\/en\\\/structures-2\\\/buildings\\\/#breadcrumb\"},\"inLanguage\":\"en-US\",\"potentialAction\":[{\"@type\":\"ReadAction\",\"target\":[\"https:\\\/\\\/grupoitm.net\\\/en\\\/structures-2\\\/buildings\\\/\"]}]},{\"@type\":\"BreadcrumbList\",\"@id\":\"https:\\\/\\\/grupoitm.net\\\/en\\\/structures-2\\\/buildings\\\/#breadcrumb\",\"itemListElement\":[{\"@type\":\"ListItem\",\"position\":1,\"name\":\"Portada\",\"item\":\"https:\\\/\\\/grupoitm.net\\\/\"},{\"@type\":\"ListItem\",\"position\":2,\"name\":\"Structures\",\"item\":\"https:\\\/\\\/grupoitm.net\\\/en\\\/structures-2\\\/\"},{\"@type\":\"ListItem\",\"position\":3,\"name\":\"Buildings\"}]},{\"@type\":\"WebSite\",\"@id\":\"https:\\\/\\\/grupoitm.net\\\/#website\",\"url\":\"https:\\\/\\\/grupoitm.net\\\/\",\"name\":\"Grupo ITM\",\"description\":\"Transformamos el mundo con Acero. M\u00e1s de 60 a\u00f1os de experiencia en el dise\u00f1o fabricaci\u00f3n y colocaci\u00f3n de infraestructuras met\u00e1licas con un servicio de primera l\u00ednea a empresas l\u00edderes de la regi\u00f3n.\",\"potentialAction\":[{\"@type\":\"SearchAction\",\"target\":{\"@type\":\"EntryPoint\",\"urlTemplate\":\"https:\\\/\\\/grupoitm.net\\\/?s={search_term_string}\"},\"query-input\":{\"@type\":\"PropertyValueSpecification\",\"valueRequired\":true,\"valueName\":\"search_term_string\"}}],\"inLanguage\":\"en-US\"}]}<\/script>\n<!-- \/ Yoast SEO plugin. -->","yoast_head_json":{"title":"Buildings - Grupo ITM","robots":{"index":"index","follow":"follow","max-snippet":"max-snippet:-1","max-image-preview":"max-image-preview:large","max-video-preview":"max-video-preview:-1"},"canonical":"https:\/\/grupoitm.net\/en\/structures-2\/buildings\/","og_locale":"en_US","og_type":"article","og_title":"Buildings - Grupo ITM","og_url":"https:\/\/grupoitm.net\/en\/structures-2\/buildings\/","og_site_name":"Grupo ITM","article_modified_time":"2021-08-05T06:33:22+00:00","twitter_card":"summary_large_image","schema":{"@context":"https:\/\/schema.org","@graph":[{"@type":"WebPage","@id":"https:\/\/grupoitm.net\/en\/structures-2\/buildings\/","url":"https:\/\/grupoitm.net\/en\/structures-2\/buildings\/","name":"Buildings - Grupo ITM","isPartOf":{"@id":"https:\/\/grupoitm.net\/#website"},"datePublished":"2021-08-05T06:33:21+00:00","dateModified":"2021-08-05T06:33:22+00:00","breadcrumb":{"@id":"https:\/\/grupoitm.net\/en\/structures-2\/buildings\/#breadcrumb"},"inLanguage":"en-US","potentialAction":[{"@type":"ReadAction","target":["https:\/\/grupoitm.net\/en\/structures-2\/buildings\/"]}]},{"@type":"BreadcrumbList","@id":"https:\/\/grupoitm.net\/en\/structures-2\/buildings\/#breadcrumb","itemListElement":[{"@type":"ListItem","position":1,"name":"Portada","item":"https:\/\/grupoitm.net\/"},{"@type":"ListItem","position":2,"name":"Structures","item":"https:\/\/grupoitm.net\/en\/structures-2\/"},{"@type":"ListItem","position":3,"name":"Buildings"}]},{"@type":"WebSite","@id":"https:\/\/grupoitm.net\/#website","url":"https:\/\/grupoitm.net\/","name":"ITM Group","description":"Transformamos el mundo con Acero. M\u00e1s de 60 a\u00f1os de experiencia en el dise\u00f1o fabricaci\u00f3n y colocaci\u00f3n de infraestructuras met\u00e1licas con un servicio de primera l\u00ednea a empresas l\u00edderes de la regi\u00f3n.","potentialAction":[{"@type":"SearchAction","target":{"@type":"EntryPoint","urlTemplate":"https:\/\/grupoitm.net\/?s={search_term_string}"},"query-input":{"@type":"PropertyValueSpecification","valueRequired":true,"valueName":"search_term_string"}}],"inLanguage":"en-US"}]}},"_links":{"self":[{"href":"https:\/\/grupoitm.net\/en\/wp-json\/wp\/v2\/pages\/6626","targetHints":{"allow":["GET"]}}],"collection":[{"href":"https:\/\/grupoitm.net\/en\/wp-json\/wp\/v2\/pages"}],"about":[{"href":"https:\/\/grupoitm.net\/en\/wp-json\/wp\/v2\/types\/page"}],"author":[{"embeddable":true,"href":"https:\/\/grupoitm.net\/en\/wp-json\/wp\/v2\/users\/11"}],"replies":[{"embeddable":true,"href":"https:\/\/grupoitm.net\/en\/wp-json\/wp\/v2\/comments?post=6626"}],"version-history":[{"count":0,"href":"https:\/\/grupoitm.net\/en\/wp-json\/wp\/v2\/pages\/6626\/revisions"}],"up":[{"embeddable":true,"href":"https:\/\/grupoitm.net\/en\/wp-json\/wp\/v2\/pages\/6607"}],"wp:attachment":[{"href":"https:\/\/grupoitm.net\/en\/wp-json\/wp\/v2\/media?parent=6626"}],"curies":[{"name":"wp","href":"https:\/\/api.w.org\/{rel}","templated":true}]}}