{"id":4409,"date":"2021-02-22T07:11:57","date_gmt":"2021-02-22T07:11:57","guid":{"rendered":"https:\/\/grupoitm.net\/?post_type=product&#038;p=4409"},"modified":"2021-02-22T07:12:18","modified_gmt":"2021-02-22T07:12:18","slug":"tornillo-de-cabeza-cuadrada","status":"publish","type":"product","link":"https:\/\/grupoitm.net\/en\/product\/tornillo-de-cabeza-cuadrada\/","title":{"rendered":"TORNILLO DE CABEZA CUADRADA"},"content":{"rendered":"<p>Lorem ipsum dolor sit amet, consectetur adipiscing elit, sed do eiusmod tempor incididunt ut labore et dolore magna aliqua. Ut enim ad minim veniam, quis nostrud exercitation ullamco laboris nisi ut aliquip ex ea commodo consequat. Duis aute irure dolor in reprehenderit in voluptate velit esse cillum dolore eu fugiat nulla pariatur. Excepteur sint occaecat cupidatat non proident, sunt in culpa qui officia deserunt mollit anim id est laborum<\/p>","protected":false},"excerpt":{"rendered":"<p>Lorem ipsum dolor sit amet, consectetur adipiscing elit, sed do eiusmod tempor incididunt ut labore et dolore magna aliqua. Ut enim ad minim veniam, quis nostrud exercitation ullamco laboris nisi ut aliquip ex ea commodo consequat. Duis aute irure dolor in reprehenderit in voluptate velit esse cillum dolore eu fugiat nulla pariatur. Excepteur sint occaecat [&hellip;]<\/p>\n","protected":false},"featured_media":4410,"comment_status":"open","ping_status":"closed","template":"","meta":{"_joinchat":[]},"product_brand":[],"product_cat":[53],"product_tag":[],"class_list":{"0":"post-4409","1":"product","2":"type-product","3":"status-publish","4":"has-post-thumbnail","6":"product_cat-tornillos","8":"first","9":"instock","10":"shipping-taxable","11":"product-type-simple"},"yoast_head":"<!-- This site is optimized with the Yoast SEO plugin v27.4 - https:\/\/yoast.com\/product\/yoast-seo-wordpress\/ -->\n<title>TORNILLO DE CABEZA CUADRADA - Grupo ITM<\/title>\n<meta name=\"robots\" content=\"index, follow, max-snippet:-1, max-image-preview:large, max-video-preview:-1\" \/>\n<link rel=\"canonical\" href=\"https:\/\/grupoitm.net\/en\/product\/tornillo-de-cabeza-cuadrada\/\" \/>\n<meta property=\"og:locale\" content=\"en_US\" \/>\n<meta property=\"og:type\" content=\"article\" \/>\n<meta property=\"og:title\" content=\"TORNILLO DE CABEZA CUADRADA - Grupo ITM\" \/>\n<meta property=\"og:description\" content=\"Lorem ipsum dolor sit amet, consectetur adipiscing elit, sed do eiusmod tempor incididunt ut labore et dolore magna aliqua. Ut enim ad minim veniam, quis nostrud exercitation ullamco laboris nisi ut aliquip ex ea commodo consequat. Duis aute irure dolor in reprehenderit in voluptate velit esse cillum dolore eu fugiat nulla pariatur. Excepteur sint occaecat [&hellip;]\" \/>\n<meta property=\"og:url\" content=\"https:\/\/grupoitm.net\/en\/product\/tornillo-de-cabeza-cuadrada\/\" \/>\n<meta property=\"og:site_name\" content=\"Grupo ITM\" \/>\n<meta property=\"article:modified_time\" content=\"2021-02-22T07:12:18+00:00\" \/>\n<meta property=\"og:image\" content=\"https:\/\/grupoitm.net\/wp-content\/uploads\/2021\/02\/HTB1c1VDXhrvK1RjSszeq6yObFXa9.jpg\" \/>\n\t<meta property=\"og:image:width\" content=\"1000\" \/>\n\t<meta property=\"og:image:height\" content=\"1000\" \/>\n\t<meta property=\"og:image:type\" content=\"image\/jpeg\" \/>\n<meta name=\"twitter:card\" content=\"summary_large_image\" \/>\n<script type=\"application\/ld+json\" class=\"yoast-schema-graph\">{\"@context\":\"https:\\\/\\\/schema.org\",\"@graph\":[{\"@type\":\"WebPage\",\"@id\":\"https:\\\/\\\/grupoitm.net\\\/product\\\/tornillo-de-cabeza-cuadrada\\\/\",\"url\":\"https:\\\/\\\/grupoitm.net\\\/product\\\/tornillo-de-cabeza-cuadrada\\\/\",\"name\":\"TORNILLO DE CABEZA CUADRADA - Grupo ITM\",\"isPartOf\":{\"@id\":\"https:\\\/\\\/grupoitm.net\\\/#website\"},\"primaryImageOfPage\":{\"@id\":\"https:\\\/\\\/grupoitm.net\\\/product\\\/tornillo-de-cabeza-cuadrada\\\/#primaryimage\"},\"image\":{\"@id\":\"https:\\\/\\\/grupoitm.net\\\/product\\\/tornillo-de-cabeza-cuadrada\\\/#primaryimage\"},\"thumbnailUrl\":\"https:\\\/\\\/grupoitm.net\\\/wp-content\\\/uploads\\\/2021\\\/02\\\/HTB1c1VDXhrvK1RjSszeq6yObFXa9.jpg\",\"datePublished\":\"2021-02-22T07:11:57+00:00\",\"dateModified\":\"2021-02-22T07:12:18+00:00\",\"breadcrumb\":{\"@id\":\"https:\\\/\\\/grupoitm.net\\\/product\\\/tornillo-de-cabeza-cuadrada\\\/#breadcrumb\"},\"inLanguage\":\"en-US\",\"potentialAction\":[{\"@type\":\"ReadAction\",\"target\":[\"https:\\\/\\\/grupoitm.net\\\/product\\\/tornillo-de-cabeza-cuadrada\\\/\"]}]},{\"@type\":\"ImageObject\",\"inLanguage\":\"en-US\",\"@id\":\"https:\\\/\\\/grupoitm.net\\\/product\\\/tornillo-de-cabeza-cuadrada\\\/#primaryimage\",\"url\":\"https:\\\/\\\/grupoitm.net\\\/wp-content\\\/uploads\\\/2021\\\/02\\\/HTB1c1VDXhrvK1RjSszeq6yObFXa9.jpg\",\"contentUrl\":\"https:\\\/\\\/grupoitm.net\\\/wp-content\\\/uploads\\\/2021\\\/02\\\/HTB1c1VDXhrvK1RjSszeq6yObFXa9.jpg\",\"width\":1000,\"height\":1000},{\"@type\":\"BreadcrumbList\",\"@id\":\"https:\\\/\\\/grupoitm.net\\\/product\\\/tornillo-de-cabeza-cuadrada\\\/#breadcrumb\",\"itemListElement\":[{\"@type\":\"ListItem\",\"position\":1,\"name\":\"Portada\",\"item\":\"https:\\\/\\\/grupoitm.net\\\/\"},{\"@type\":\"ListItem\",\"position\":2,\"name\":\"Shop\",\"item\":\"https:\\\/\\\/grupoitm.net\\\/shop\\\/\"},{\"@type\":\"ListItem\",\"position\":3,\"name\":\"TORNILLO DE CABEZA CUADRADA\"}]},{\"@type\":\"WebSite\",\"@id\":\"https:\\\/\\\/grupoitm.net\\\/#website\",\"url\":\"https:\\\/\\\/grupoitm.net\\\/\",\"name\":\"Grupo ITM\",\"description\":\"Transformamos el mundo con Acero. M\u00e1s de 60 a\u00f1os de experiencia en el dise\u00f1o fabricaci\u00f3n y colocaci\u00f3n de infraestructuras met\u00e1licas con un servicio de primera l\u00ednea a empresas l\u00edderes de la regi\u00f3n.\",\"potentialAction\":[{\"@type\":\"SearchAction\",\"target\":{\"@type\":\"EntryPoint\",\"urlTemplate\":\"https:\\\/\\\/grupoitm.net\\\/?s={search_term_string}\"},\"query-input\":{\"@type\":\"PropertyValueSpecification\",\"valueRequired\":true,\"valueName\":\"search_term_string\"}}],\"inLanguage\":\"en-US\"}]}<\/script>\n<!-- \/ Yoast SEO plugin. -->","yoast_head_json":{"title":"TORNILLO DE CABEZA CUADRADA - Grupo ITM","robots":{"index":"index","follow":"follow","max-snippet":"max-snippet:-1","max-image-preview":"max-image-preview:large","max-video-preview":"max-video-preview:-1"},"canonical":"https:\/\/grupoitm.net\/en\/product\/tornillo-de-cabeza-cuadrada\/","og_locale":"en_US","og_type":"article","og_title":"TORNILLO DE CABEZA CUADRADA - Grupo ITM","og_description":"Lorem ipsum dolor sit amet, consectetur adipiscing elit, sed do eiusmod tempor incididunt ut labore et dolore magna aliqua. Ut enim ad minim veniam, quis nostrud exercitation ullamco laboris nisi ut aliquip ex ea commodo consequat. Duis aute irure dolor in reprehenderit in voluptate velit esse cillum dolore eu fugiat nulla pariatur. Excepteur sint occaecat [&hellip;]","og_url":"https:\/\/grupoitm.net\/en\/product\/tornillo-de-cabeza-cuadrada\/","og_site_name":"Grupo ITM","article_modified_time":"2021-02-22T07:12:18+00:00","og_image":[{"width":1000,"height":1000,"url":"https:\/\/grupoitm.net\/wp-content\/uploads\/2021\/02\/HTB1c1VDXhrvK1RjSszeq6yObFXa9.jpg","type":"image\/jpeg"}],"twitter_card":"summary_large_image","schema":{"@context":"https:\/\/schema.org","@graph":[{"@type":"WebPage","@id":"https:\/\/grupoitm.net\/product\/tornillo-de-cabeza-cuadrada\/","url":"https:\/\/grupoitm.net\/product\/tornillo-de-cabeza-cuadrada\/","name":"TORNILLO DE CABEZA CUADRADA - Grupo ITM","isPartOf":{"@id":"https:\/\/grupoitm.net\/#website"},"primaryImageOfPage":{"@id":"https:\/\/grupoitm.net\/product\/tornillo-de-cabeza-cuadrada\/#primaryimage"},"image":{"@id":"https:\/\/grupoitm.net\/product\/tornillo-de-cabeza-cuadrada\/#primaryimage"},"thumbnailUrl":"https:\/\/grupoitm.net\/wp-content\/uploads\/2021\/02\/HTB1c1VDXhrvK1RjSszeq6yObFXa9.jpg","datePublished":"2021-02-22T07:11:57+00:00","dateModified":"2021-02-22T07:12:18+00:00","breadcrumb":{"@id":"https:\/\/grupoitm.net\/product\/tornillo-de-cabeza-cuadrada\/#breadcrumb"},"inLanguage":"en-US","potentialAction":[{"@type":"ReadAction","target":["https:\/\/grupoitm.net\/product\/tornillo-de-cabeza-cuadrada\/"]}]},{"@type":"ImageObject","inLanguage":"en-US","@id":"https:\/\/grupoitm.net\/product\/tornillo-de-cabeza-cuadrada\/#primaryimage","url":"https:\/\/grupoitm.net\/wp-content\/uploads\/2021\/02\/HTB1c1VDXhrvK1RjSszeq6yObFXa9.jpg","contentUrl":"https:\/\/grupoitm.net\/wp-content\/uploads\/2021\/02\/HTB1c1VDXhrvK1RjSszeq6yObFXa9.jpg","width":1000,"height":1000},{"@type":"BreadcrumbList","@id":"https:\/\/grupoitm.net\/product\/tornillo-de-cabeza-cuadrada\/#breadcrumb","itemListElement":[{"@type":"ListItem","position":1,"name":"Portada","item":"https:\/\/grupoitm.net\/"},{"@type":"ListItem","position":2,"name":"Shop","item":"https:\/\/grupoitm.net\/shop\/"},{"@type":"ListItem","position":3,"name":"TORNILLO DE CABEZA CUADRADA"}]},{"@type":"WebSite","@id":"https:\/\/grupoitm.net\/#website","url":"https:\/\/grupoitm.net\/","name":"ITM Group","description":"Transformamos el mundo con Acero. M\u00e1s de 60 a\u00f1os de experiencia en el dise\u00f1o fabricaci\u00f3n y colocaci\u00f3n de infraestructuras met\u00e1licas con un servicio de primera l\u00ednea a empresas l\u00edderes de la regi\u00f3n.","potentialAction":[{"@type":"SearchAction","target":{"@type":"EntryPoint","urlTemplate":"https:\/\/grupoitm.net\/?s={search_term_string}"},"query-input":{"@type":"PropertyValueSpecification","valueRequired":true,"valueName":"search_term_string"}}],"inLanguage":"en-US"}]}},"_links":{"self":[{"href":"https:\/\/grupoitm.net\/en\/wp-json\/wp\/v2\/product\/4409","targetHints":{"allow":["GET"]}}],"collection":[{"href":"https:\/\/grupoitm.net\/en\/wp-json\/wp\/v2\/product"}],"about":[{"href":"https:\/\/grupoitm.net\/en\/wp-json\/wp\/v2\/types\/product"}],"replies":[{"embeddable":true,"href":"https:\/\/grupoitm.net\/en\/wp-json\/wp\/v2\/comments?post=4409"}],"wp:featuredmedia":[{"embeddable":true,"href":"https:\/\/grupoitm.net\/en\/wp-json\/wp\/v2\/media\/4410"}],"wp:attachment":[{"href":"https:\/\/grupoitm.net\/en\/wp-json\/wp\/v2\/media?parent=4409"}],"wp:term":[{"taxonomy":"product_brand","embeddable":true,"href":"https:\/\/grupoitm.net\/en\/wp-json\/wp\/v2\/product_brand?post=4409"},{"taxonomy":"product_cat","embeddable":true,"href":"https:\/\/grupoitm.net\/en\/wp-json\/wp\/v2\/product_cat?post=4409"},{"taxonomy":"product_tag","embeddable":true,"href":"https:\/\/grupoitm.net\/en\/wp-json\/wp\/v2\/product_tag?post=4409"}],"curies":[{"name":"wp","href":"https:\/\/api.w.org\/{rel}","templated":true}]}}